{"id":172,"date":"2017-12-19T11:22:36","date_gmt":"2017-12-19T14:22:36","guid":{"rendered":"http:\/\/www.desarrollowebchile.xyz\/sitios\/lago\/?page_id=172"},"modified":"2018-01-11T10:13:15","modified_gmt":"2018-01-11T13:13:15","slug":"casas","status":"publish","type":"page","link":"https:\/\/casalagorapel.cl\/?page_id=172","title":{"rendered":"Casas"},"content":{"rendered":"<h3>Bienvenido a casa del Rapel<\/h3>\n<p>&nbsp;<\/p>\n<h4>Misi\u00f3n<\/h4>\n<p style=\"text-align: justify;\">Ser el mejor hogar vacacional de alto nivel en el Lago Rapel, entregando un servicio de excelencia y placer en el descanso de cada uno de nuestros hu\u00e9spedes.<\/p>\n<h4>Visi\u00f3n<\/h4>\n<p style=\"text-align: justify;\">Brindar experiencias cargadas de cari\u00f1o, detalles y cercan\u00eda, acentuando la tranquilidad, la comodidad y la calidez de la hospitalidad chilena a cada uno de nuestros hu\u00e9spedes, con un servicio que no es f\u00e1cil de encontrar y tambi\u00e9n muy dif\u00edcil de olvidar.<\/p>\n<p style=\"text-align: justify;\">El servicio personalizado, la elegancia y tranquilidad que entrega la casa del Lago Rapel nos distingue entre otros arriendos vacacionales y nos da una reconocida reputaci\u00f3n por todos quienes ya visitaron nuestra casa.<\/p>\n<p>&nbsp;<\/p>\n","protected":false},"excerpt":{"rendered":"<p>Bienvenido a casa del Rapel &nbsp; Misi\u00f3n Ser el mejor hogar vacacional de alto nivel en el Lago Rapel, entregando un servicio de excelencia y placer en el descanso de cada uno de nuestros hu\u00e9spedes. Visi\u00f3n Brindar experiencias cargadas de cari\u00f1o, detalles y cercan\u00eda, acentuando la tranquilidad, la comodidad y la calidez de la hospitalidad &hellip; <a href=\"https:\/\/casalagorapel.cl\/?page_id=172\" class=\"more-link\">Continue reading <span class=\"screen-reader-text\">Casas<\/span> <span class=\"meta-nav\">&rarr;<\/span><\/a><\/p>\n","protected":false},"author":3,"featured_media":0,"parent":0,"menu_order":0,"comment_status":"closed","ping_status":"closed","template":"","meta":{"footnotes":""},"class_list":["post-172","page","type-page","status-publish","hentry"],"_links":{"self":[{"href":"https:\/\/casalagorapel.cl\/index.php?rest_route=\/wp\/v2\/pages\/172"}],"collection":[{"href":"https:\/\/casalagorapel.cl\/index.php?rest_route=\/wp\/v2\/pages"}],"about":[{"href":"https:\/\/casalagorapel.cl\/index.php?rest_route=\/wp\/v2\/types\/page"}],"author":[{"embeddable":true,"href":"https:\/\/casalagorapel.cl\/index.php?rest_route=\/wp\/v2\/users\/3"}],"replies":[{"embeddable":true,"href":"https:\/\/casalagorapel.cl\/index.php?rest_route=%2Fwp%2Fv2%2Fcomments&post=172"}],"version-history":[{"count":9,"href":"https:\/\/casalagorapel.cl\/index.php?rest_route=\/wp\/v2\/pages\/172\/revisions"}],"predecessor-version":[{"id":329,"href":"https:\/\/casalagorapel.cl\/index.php?rest_route=\/wp\/v2\/pages\/172\/revisions\/329"}],"wp:attachment":[{"href":"https:\/\/casalagorapel.cl\/index.php?rest_route=%2Fwp%2Fv2%2Fmedia&parent=172"}],"curies":[{"name":"wp","href":"https:\/\/api.w.org\/{rel}","templated":true}]}}